{"id":210,"date":"2017-06-23T19:23:52","date_gmt":"2017-06-23T19:23:52","guid":{"rendered":"http:\/\/richardsmotelentertainment.com\/fr\/?page_id=210"},"modified":"2019-12-03T17:21:53","modified_gmt":"2019-12-03T17:21:53","slug":"club-tropical-hallandale-beach-2019","status":"publish","type":"page","link":"https:\/\/richardsmotelentertainment.com\/fr\/entertainment\/club-tropical-hallandale-beach-2019\/","title":{"rendered":"Club Tropical Hallandale Beach Archives hiver 2019"},"content":{"rendered":"<h2><span style=\"font-size: 16px;\"><em>\u00a0<b style=\"text-align: center; color: #777777; font-family: Muli, sans-serif;\"><span lang=\"FR\" style=\"color: #555555; letter-spacing: -0.3pt;\">Isabelle Boulay, Jean-Thomas Jobin ,Yoan, Sugar Sammy, Marc Hervieux, \u00a0P-A M\u00e9thot, et Kevin Bazinet et beaucoup d\u2019autres se sont produits\u00a0dans cette salle:<\/span><\/b><\/em><\/span><\/h2>\n<p class=\"MsoNormal\" style=\"margin-bottom: 0.0001pt; text-align: center;\" align=\"center\"><span style=\"font-size: 16px;\"><em><b><span lang=\"FR\" style=\"color: #555555; letter-spacing: -0.3pt;\">Le Club Tropical\u2026 \u00e0 Hollywood, en Floride.<\/span><\/b><\/em><\/span><\/p>\n<p class=\"MsoNormal\" style=\"margin-bottom: 0.0001pt; line-height: 12.65pt; text-align: left;\" align=\"center\"><span style=\"font-size: 14px;\"><span lang=\"FR\">Depuis plus de dix ans, cette salle pris\u00e9e par les \u00abSnowbirds\u00bb attire les artistes qu\u00e9b\u00e9cois les plus populaires de la province, vous pourrez reserver directement chez Richard\u2019s Motel Family of Lodgings<\/span><\/span><\/p>\n<p><a href=\"#\"><img loading=\"lazy\" decoding=\"async\" class=\"alignleft size-full wp-image-333\" src=\"http:\/\/richardsmotelentertainment.com\/fr\/wp-content\/uploads\/2017\/06\/Club-Tropical-Programmation-2018.jpg\" alt=\"Club Tropical - Programmation 2018\" width=\"1500\" height=\"909\" srcset=\"https:\/\/richardsmotelentertainment.com\/fr\/wp-content\/uploads\/2017\/06\/Club-Tropical-Programmation-2018.jpg 1500w, https:\/\/richardsmotelentertainment.com\/fr\/wp-content\/uploads\/2017\/06\/Club-Tropical-Programmation-2018-300x182.jpg 300w, https:\/\/richardsmotelentertainment.com\/fr\/wp-content\/uploads\/2017\/06\/Club-Tropical-Programmation-2018-768x465.jpg 768w, https:\/\/richardsmotelentertainment.com\/fr\/wp-content\/uploads\/2017\/06\/Club-Tropical-Programmation-2018-1024x621.jpg 1024w, https:\/\/richardsmotelentertainment.com\/fr\/wp-content\/uploads\/2017\/06\/Club-Tropical-Programmation-2018-858x520.jpg 858w, https:\/\/richardsmotelentertainment.com\/fr\/wp-content\/uploads\/2017\/06\/Club-Tropical-Programmation-2018-188x114.jpg 188w\" sizes=\"(max-width: 1500px) 100vw, 1500px\" \/><\/a><\/p>\n<p class=\"MsoNormal\" style=\"margin-bottom: 11.5pt; text-align: justify; line-height: 12.65pt;\"><span lang=\"FR\" style=\"font-size: 14px; font-family: Arial, sans-serif;\">Depuis longtemps \u00a0les artistes qu\u00e9b\u00e9cois vont se produire en Floride puisque des milliers de \u00abSnowbirds\u00bb passent l\u2019hiver sous le chaud soleil de cet \u00c9tat am\u00e9ricain, il y a l\u00e0 un march\u00e9 int\u00e9ressant \u00e0 exploiter pour les musiciens et humoristes d\u2019ici.<\/span><\/p>\n<p class=\"MsoNormal\" style=\"margin-bottom: 11.5pt; text-align: justify; line-height: 12.65pt;\"><span lang=\"FR\" style=\"font-size: 14px; font-family: Arial, sans-serif;\">Pendant plusieurs ann\u00e9es, les artistes qu\u00e9b\u00e9cois qui allaient se produire en Floride \u00e9taient toutefois ceux dont la carri\u00e8re \u2013 disons-le \u2013 \u00e9tait moins reluisante au Qu\u00e9bec. La donne a chang\u00e9 il y a dix ans avec l\u2019arriv\u00e9e du producteur Jean Forand \u00e0 Hallandale, tout pr\u00e8s d\u2019Hollywood, en Floride.<\/span><\/p>\n<p class=\"MsoNormal\" style=\"margin-bottom: 11.5pt; text-align: justify; line-height: 12.65pt;\"><span lang=\"FR\" style=\"font-size: 14px; font-family: Arial, sans-serif;\">Le producteur qu\u00e9b\u00e9cois a mis en place une toute nouvelle offre pour les \u00abSnowbirds\u00bb:<\/span><\/p>\n<p><a href=\"http:\/\/richardsmotelentertainment.com\/fr\/wp-content\/uploads\/2017\/06\/2016-03-29-19.48.13-1024x768.jpg\" data-rel=\"lightbox-image-0\" data-rl_title=\"\" data-rl_caption=\"\" title=\"\"><img loading=\"lazy\" decoding=\"async\" class=\"alignleft size-large wp-image-213\" src=\"http:\/\/richardsmotelentertainment.com\/fr\/wp-content\/uploads\/2017\/06\/2016-03-29-19.48.13-1024x768-1024x768.jpg\" alt=\"2016-03-29-19.48.13-1024x768\" width=\"900\" height=\"675\" srcset=\"https:\/\/richardsmotelentertainment.com\/fr\/wp-content\/uploads\/2017\/06\/2016-03-29-19.48.13-1024x768.jpg 1024w, https:\/\/richardsmotelentertainment.com\/fr\/wp-content\/uploads\/2017\/06\/2016-03-29-19.48.13-1024x768-300x225.jpg 300w, https:\/\/richardsmotelentertainment.com\/fr\/wp-content\/uploads\/2017\/06\/2016-03-29-19.48.13-1024x768-768x576.jpg 768w, https:\/\/richardsmotelentertainment.com\/fr\/wp-content\/uploads\/2017\/06\/2016-03-29-19.48.13-1024x768-693x520.jpg 693w, https:\/\/richardsmotelentertainment.com\/fr\/wp-content\/uploads\/2017\/06\/2016-03-29-19.48.13-1024x768-152x114.jpg 152w\" sizes=\"(max-width: 900px) 100vw, 900px\" \/><\/a><\/p>\n<p class=\"MsoNormal\" style=\"margin-bottom: 11.5pt; text-align: justify; line-height: 12.65pt;\"><span lang=\"FR\" style=\"font-size: 14px; font-family: Arial, sans-serif;\">Des spectacles \u00abintimes\u00bb offerts par les artistes de l\u2019heure dans la Belle Province.<\/span><\/p>\n<p class=\"MsoNormal\" style=\"margin-bottom: 11.5pt; text-align: justify; line-height: 12.65pt;\"><span lang=\"FR\" style=\"font-size: 14px; font-family: Arial, sans-serif;\">\u00abJ\u2019ai accueilli environ 75 artistes. J\u2019essaie de faire une programmation culturelle pour les 50 ans et plus\u00bb, dit-il.<\/span><\/p>\n<p class=\"MsoNormal\" style=\"margin-bottom: 11.5pt; text-align: justify; line-height: 12.65pt;\"><span lang=\"FR\" style=\"font-size: 7pt; font-family: Arial, sans-serif;\"><span style=\"font-size: 14px;\">La liste est pour le moins impressionnante. Jean-Marc Parent, Bobby Bazini, Philippe Bond, Michel Barrette, J\u00e9r\u00e9my Demay, Mike Ward, Daniel Lemire, Isabelle Boulay Andr\u00e9 Sauv\u00e9, Guy Nantel, P-A M\u00e9thot, Laurent Paquin, David Thibault et Val\u00e9rie Carpentier sont tous all\u00e9s se produire au Club Tropical, une salle de 240 places.<\/span><\/span><\/p>\n<p><a href=\"http:\/\/richardsmotelentertainment.com\/fr\/events\/\"><img loading=\"lazy\" decoding=\"async\" class=\"alignleft size-large wp-image-446\" src=\"http:\/\/richardsmotelentertainment.com\/fr\/wp-content\/uploads\/2017\/11\/Calendar_click.jpg\" alt=\"Calendar_click\" width=\"900\" height=\"671\" srcset=\"https:\/\/richardsmotelentertainment.com\/fr\/wp-content\/uploads\/2017\/11\/Calendar_click.jpg 960w, https:\/\/richardsmotelentertainment.com\/fr\/wp-content\/uploads\/2017\/11\/Calendar_click-300x224.jpg 300w, https:\/\/richardsmotelentertainment.com\/fr\/wp-content\/uploads\/2017\/11\/Calendar_click-768x573.jpg 768w\" sizes=\"(max-width: 900px) 100vw, 900px\" \/><\/a><\/p>\n<p><a href=\"http:\/\/richardsmotelentertainment.com\/fr\/wp-content\/uploads\/2017\/06\/Club-tropical.jpg\" data-rel=\"lightbox-image-1\" data-rl_title=\"\" data-rl_caption=\"\" title=\"\"><img loading=\"lazy\" decoding=\"async\" class=\"alignleft size-large wp-image-215\" src=\"http:\/\/richardsmotelentertainment.com\/fr\/wp-content\/uploads\/2017\/06\/Club-tropical.jpg\" alt=\"Club tropical\" width=\"800\" height=\"533\" srcset=\"https:\/\/richardsmotelentertainment.com\/fr\/wp-content\/uploads\/2017\/06\/Club-tropical.jpg 800w, https:\/\/richardsmotelentertainment.com\/fr\/wp-content\/uploads\/2017\/06\/Club-tropical-300x200.jpg 300w, https:\/\/richardsmotelentertainment.com\/fr\/wp-content\/uploads\/2017\/06\/Club-tropical-768x512.jpg 768w, https:\/\/richardsmotelentertainment.com\/fr\/wp-content\/uploads\/2017\/06\/Club-tropical-780x520.jpg 780w, https:\/\/richardsmotelentertainment.com\/fr\/wp-content\/uploads\/2017\/06\/Club-tropical-171x114.jpg 171w\" sizes=\"(max-width: 800px) 100vw, 800px\" \/><\/a><\/p>\n","protected":false},"excerpt":{"rendered":"<p>\u00a0Isabelle Boulay, Jean-Thomas Jobin ,Yoan, Sugar Sammy, Marc Hervieux, \u00a0P-A M\u00e9thot, et Kevin Bazinet et beaucoup d\u2019autres se sont produits\u00a0dans cette salle: Le Club Tropical\u2026 \u00e0 Hollywood, en Floride. Depuis [&hellip;]<\/p>\n","protected":false},"author":1,"featured_media":0,"parent":316,"menu_order":0,"comment_status":"closed","ping_status":"closed","template":"template-fullwidth.php","meta":{"_et_pb_use_builder":"","_et_pb_old_content":"","_et_gb_content_width":"","_monsterinsights_skip_tracking":false,"_monsterinsights_sitenote_active":false,"_monsterinsights_sitenote_note":"","_monsterinsights_sitenote_category":0,"footnotes":""},"class_list":["post-210","page","type-page","status-publish","hentry"],"_links":{"self":[{"href":"https:\/\/richardsmotelentertainment.com\/fr\/wp-json\/wp\/v2\/pages\/210","targetHints":{"allow":["GET"]}}],"collection":[{"href":"https:\/\/richardsmotelentertainment.com\/fr\/wp-json\/wp\/v2\/pages"}],"about":[{"href":"https:\/\/richardsmotelentertainment.com\/fr\/wp-json\/wp\/v2\/types\/page"}],"author":[{"embeddable":true,"href":"https:\/\/richardsmotelentertainment.com\/fr\/wp-json\/wp\/v2\/users\/1"}],"replies":[{"embeddable":true,"href":"https:\/\/richardsmotelentertainment.com\/fr\/wp-json\/wp\/v2\/comments?post=210"}],"version-history":[{"count":27,"href":"https:\/\/richardsmotelentertainment.com\/fr\/wp-json\/wp\/v2\/pages\/210\/revisions"}],"predecessor-version":[{"id":7863,"href":"https:\/\/richardsmotelentertainment.com\/fr\/wp-json\/wp\/v2\/pages\/210\/revisions\/7863"}],"up":[{"embeddable":true,"href":"https:\/\/richardsmotelentertainment.com\/fr\/wp-json\/wp\/v2\/pages\/316"}],"wp:attachment":[{"href":"https:\/\/richardsmotelentertainment.com\/fr\/wp-json\/wp\/v2\/media?parent=210"}],"curies":[{"name":"wp","href":"https:\/\/api.w.org\/{rel}","templated":true}]}}