{"id":231,"date":"2017-06-23T19:35:31","date_gmt":"2017-06-23T19:35:31","guid":{"rendered":"http:\/\/richardsmotelentertainment.com\/fr\/?page_id=231"},"modified":"2024-10-28T23:52:10","modified_gmt":"2024-10-29T03:52:10","slug":"canam-golf","status":"publish","type":"page","link":"https:\/\/richardsmotelentertainment.com\/fr\/canam-golf\/","title":{"rendered":"Canam Golf"},"content":{"rendered":"<p>[et_pb_section fb_built=&#8221;1&#8243; _builder_version=&#8221;4.27.2&#8243; _module_preset=&#8221;default&#8221; global_colors_info=&#8221;{}&#8221;][et_pb_row column_structure=&#8221;3_5,2_5&#8243; _builder_version=&#8221;4.27.2&#8243; _module_preset=&#8221;default&#8221; global_colors_info=&#8221;{}&#8221;][et_pb_column type=&#8221;3_5&#8243; _builder_version=&#8221;4.27.2&#8243; _module_preset=&#8221;default&#8221; global_colors_info=&#8221;{}&#8221;][et_pb_text _builder_version=&#8221;4.27.2&#8243; _module_preset=&#8221;default&#8221; hover_enabled=&#8221;0&#8243; sticky_enabled=&#8221;0&#8243;][\/et_pb_text][\/et_pb_column][et_pb_column type=&#8221;2_5&#8243; _builder_version=&#8221;4.27.2&#8243; _module_preset=&#8221;default&#8221; global_colors_info=&#8221;{}&#8221;][et_pb_image _builder_version=&#8221;4.27.2&#8243; _module_preset=&#8221;default&#8221; hover_enabled=&#8221;0&#8243; global_colors_info=&#8221;{}&#8221; sticky_enabled=&#8221;0&#8243;][\/et_pb_image][\/et_pb_column][\/et_pb_row][\/et_pb_section]<\/p>\n","protected":false},"excerpt":{"rendered":"","protected":false},"author":1,"featured_media":0,"parent":0,"menu_order":0,"comment_status":"closed","ping_status":"closed","template":"","meta":{"_et_pb_use_builder":"on","_et_pb_old_content":"&nbsp;\r\n<h2 style=\"text-align: center;\"><strong>Depuis 1988, Canam Golf\u00a0fournit la meilleur qualit\u00e9 de service possible \u00e0 ses membres. Canam Golf offre \u00e0\u00a0ses clients l'opportunit\u00e9 de r\u00e9server des temps de d\u00e9part de golf sur les plus beaux terrains, aux meilleurs prix<\/strong><\/h2>\r\n<p style=\"text-align: center;\"><a href=\"http:\/\/richardsmotelentertainment.com\/fr\/wp-content\/uploads\/2017\/06\/12006381_1634022993539100_7271227494661727566_n.jpg\"><img class=\"aligncenter wp-image-233\" src=\"http:\/\/richardsmotelentertainment.com\/fr\/wp-content\/uploads\/2017\/06\/12006381_1634022993539100_7271227494661727566_n-300x109.jpg\" alt=\"\" width=\"500\" height=\"182\" \/><\/a><\/p>\r\n&nbsp;\r\n<p style=\"text-align: center;\"><a href=\"http:\/\/richardsmotelentertainment.com\/fr\/wp-content\/uploads\/2017\/06\/2017-1.jpg\"><img class=\"wp-image-235 size-large alignleft\" src=\"http:\/\/richardsmotelentertainment.com\/fr\/wp-content\/uploads\/2017\/06\/2017-1-467x1024.jpg\" alt=\"\" width=\"467\" height=\"1024\" \/><\/a><\/p>\r\n&nbsp;\r\n<p class=\"font_8\" style=\"text-align: justify;\">Canam Golf, entreprise en pleine expansion, a \u00e9t\u00e9 fond\u00e9 en Floride en 1988. Le porte folio de Canam inclus maintenant plus de 200\u00a0terrains de golf en Floride, a Myrtle Beach, au Qu\u00e9bec, et Ontario.<\/p>\r\n<p class=\"font_8\" style=\"text-align: justify;\">Notre bureau chef, ainsi que le centre d\u2019appels, sont bas\u00e9s au Palm-Aire C.C, a Pompano Beach, Floride.<\/p>\r\n<p class=\"font_8\" style=\"text-align: justify;\">De plus, Nous avons 2\u00a0bureaux satellites localis\u00e9s a Boca Raton, au Boca Lago C.C. et \u00e0 Miami, au Miami Country Club.<\/p>\r\n<p class=\"font_8\" style=\"text-align: justify;\">Nos bureaux et le centre d\u2019appels sont ouverts 365 jours par ann\u00e9e, incluant les jours f\u00e9ri\u00e9s. Les heures d\u2019ouvertures du centre d\u2019appels sont:<\/p>\r\n<p class=\"font_8\" style=\"text-align: justify;\">-Novembre \u00e0 Avril : \u00a0 6\u00a0:30 AM a 6\u00a0:30 PM<\/p>\r\n<p class=\"font_8\" style=\"text-align: justify;\">-Mai a Octobre : \u00a0 \u00a0 \u00a0 \u00a0 7\u00a0:00 AM a 5\u00a0:00 PM,<\/p>\r\n<p class=\"font_8\" style=\"text-align: justify;\">Tout le monde est bienvenu \u00e0 notre bureau, soit pour une visite de courtoisie ou pour venir r\u00e9server vos temps de d\u00e9parts en personne !<\/p>\r\n<p class=\"font_8\" style=\"text-align: justify;\">Le but principal de Canam Golf est de fournir a ses membres les meilleurs options possibles pour le golf ainsi que pour les activit\u00e9s et \u00e9v\u00e8nements.<\/p>\r\n<p class=\"font_8\" style=\"text-align: justify;\">Tous les agents du centre d'appel sont form\u00e9s au meme niveau et seront enchant\u00e9s de vous proposer une panoplie d'activit\u00e9s outre que le golf afin de rendre votre s\u00e9jour des plus agr\u00e9able.<\/p>\r\nA titre de leader dans l'industrie du golf, Canam Golf a la capacit\u00e9 d'offrir a ses membres les meilleurs rabais possible. Nous sommes fier d'offrir le membership gratuitement sans charger de frais de r\u00e9servations!\r\n\r\n&nbsp;\r\n\r\n<strong><a href=\"http:\/\/richardsmotelentertainment.com\/fr\/uploads\/Canam-golf.pdf\">Cliquez pour t\u00e9l\u00e9charger la carte en pdf<\/a><\/strong>","_et_gb_content_width":"","_monsterinsights_skip_tracking":false,"_monsterinsights_sitenote_active":false,"_monsterinsights_sitenote_note":"","_monsterinsights_sitenote_category":0,"footnotes":""},"class_list":["post-231","page","type-page","status-publish","hentry"],"_links":{"self":[{"href":"https:\/\/richardsmotelentertainment.com\/fr\/wp-json\/wp\/v2\/pages\/231","targetHints":{"allow":["GET"]}}],"collection":[{"href":"https:\/\/richardsmotelentertainment.com\/fr\/wp-json\/wp\/v2\/pages"}],"about":[{"href":"https:\/\/richardsmotelentertainment.com\/fr\/wp-json\/wp\/v2\/types\/page"}],"author":[{"embeddable":true,"href":"https:\/\/richardsmotelentertainment.com\/fr\/wp-json\/wp\/v2\/users\/1"}],"replies":[{"embeddable":true,"href":"https:\/\/richardsmotelentertainment.com\/fr\/wp-json\/wp\/v2\/comments?post=231"}],"version-history":[{"count":12,"href":"https:\/\/richardsmotelentertainment.com\/fr\/wp-json\/wp\/v2\/pages\/231\/revisions"}],"predecessor-version":[{"id":11636,"href":"https:\/\/richardsmotelentertainment.com\/fr\/wp-json\/wp\/v2\/pages\/231\/revisions\/11636"}],"wp:attachment":[{"href":"https:\/\/richardsmotelentertainment.com\/fr\/wp-json\/wp\/v2\/media?parent=231"}],"curies":[{"name":"wp","href":"https:\/\/api.w.org\/{rel}","templated":true}]}}