{"id":243,"date":"2017-06-23T21:18:21","date_gmt":"2017-06-23T21:18:21","guid":{"rendered":"http:\/\/richardsmotelentertainment.com\/fr\/?page_id=243"},"modified":"2024-10-31T02:37:27","modified_gmt":"2024-10-31T06:37:27","slug":"go-2vacations-et-galaxy-croisieres-et-excursions-en-francais","status":"publish","type":"page","link":"https:\/\/richardsmotelentertainment.com\/fr\/entertainment\/go-2vacations-et-galaxy-croisieres-et-excursions-en-francais\/","title":{"rendered":"Go-2Vacations"},"content":{"rendered":"<p>[et_pb_section admin_label=&#8221;section&#8221;]<br \/>\n\t\t\t[et_pb_row admin_label=&#8221;row&#8221;]<br \/>\n\t\t\t\t[et_pb_column type=&#8221;4_4&#8243;][et_pb_text admin_label=&#8221;Text&#8221;]<\/p>\n<h2 class=\"p0\" style=\"text-align: center;\"><strong><span class=\"c0\">Galaxy \u00a0le num<em>\u00e9<\/em>ro des excursions &amp; tours \u00a0<\/span><span class=\"c0\">en fran\u00e7ais en Floride<\/span><\/strong><\/h2>\n<p>&nbsp;<\/p>\n<p><a href=\"http:\/\/richardsmotelentertainment.com\/fr\/wp-content\/uploads\/2017\/06\/Galaxy.jpg\" data-rel=\"lightbox-image-0\" data-rl_title=\"\" data-rl_caption=\"\" title=\"\"><img loading=\"lazy\" decoding=\"async\" class=\"aligncenter wp-image-244\" src=\"http:\/\/richardsmotelentertainment.com\/fr\/wp-content\/uploads\/2017\/06\/Galaxy-285x300.jpg\" alt=\"\" width=\"500\" height=\"526\" srcset=\"https:\/\/richardsmotelentertainment.com\/fr\/wp-content\/uploads\/2017\/06\/Galaxy-285x300.jpg 285w, https:\/\/richardsmotelentertainment.com\/fr\/wp-content\/uploads\/2017\/06\/Galaxy-768x808.jpg 768w, https:\/\/richardsmotelentertainment.com\/fr\/wp-content\/uploads\/2017\/06\/Galaxy-494x520.jpg 494w, https:\/\/richardsmotelentertainment.com\/fr\/wp-content\/uploads\/2017\/06\/Galaxy-108x114.jpg 108w, https:\/\/richardsmotelentertainment.com\/fr\/wp-content\/uploads\/2017\/06\/Galaxy.jpg 830w\" sizes=\"(max-width: 500px) 100vw, 500px\" \/><\/a><\/p>\n<p>&nbsp;<\/p>\n<p>&nbsp;<\/p>\n<p class=\"p0\" style=\"text-align: justify;\"><span class=\"c0\">Le Sunshine State fait partie des destinations Am\u00e9ricaines les plus touristiques. C&#8217;est une r\u00e9gion \u00e0 d\u00e9couvrir avec son histoire, sa faune sa flore. Nos excursions sont accompagn\u00e9es par un guide francophone. \u00a0<\/span><span class=\"c0\">R\u00e9servez t\u00f4t et obtenez une r\u00e9duction de prix<\/span><span class=\"c1\">\u00a0<\/span><span class=\"c2\">\u00a0\u00a0<\/span><\/p>\n<p><a href=\"http:\/\/richardsmotelentertainment.com\/fr\/wp-content\/uploads\/2017\/06\/Galaxy-map.jpg\" data-rel=\"lightbox-image-1\" data-rl_title=\"\" data-rl_caption=\"\" title=\"\"><img loading=\"lazy\" decoding=\"async\" class=\"alignleft wp-image-249\" src=\"http:\/\/richardsmotelentertainment.com\/fr\/wp-content\/uploads\/2017\/06\/Galaxy-map-300x249.jpg\" alt=\"\" width=\"500\" height=\"415\" srcset=\"https:\/\/richardsmotelentertainment.com\/fr\/wp-content\/uploads\/2017\/06\/Galaxy-map-300x249.jpg 300w, https:\/\/richardsmotelentertainment.com\/fr\/wp-content\/uploads\/2017\/06\/Galaxy-map-768x638.jpg 768w, https:\/\/richardsmotelentertainment.com\/fr\/wp-content\/uploads\/2017\/06\/Galaxy-map-626x520.jpg 626w, https:\/\/richardsmotelentertainment.com\/fr\/wp-content\/uploads\/2017\/06\/Galaxy-map-137x114.jpg 137w, https:\/\/richardsmotelentertainment.com\/fr\/wp-content\/uploads\/2017\/06\/Galaxy-map.jpg 904w\" sizes=\"(max-width: 500px) 100vw, 500px\" \/><\/a><\/p>\n<p>&nbsp;<\/p>\n<p><strong>Excursions:<\/strong><br \/>\n&#8211; \u00a0Grand Miami<br \/>\n&#8211; \u00a0Ste Augustine &amp; Kennedy Space Center<br \/>\n&#8211; \u00a0Cap Canaveral<br \/>\n&#8211; \u00a0Ste Augustine<br \/>\n&#8211; \u00a0Orlando<br \/>\n&#8211; \u00a0Palm Beach plus sur demande<br \/>\n&#8211; \u00a0Key West &amp; les Keys<br \/>\n&#8211; \u00a0Parade des bateaux illumin\u00e9s<br \/>\n&#8211; \u00a0C\u00f4te ouest de la Floride. Fort Myers-Naples<br \/>\n&#8211; \u00a0La croisi\u00e8re s&#8217;amuse<\/p>\n<p>&nbsp;[\/et_pb_text][\/et_pb_column]<br \/>\n\t\t\t[\/et_pb_row]<br \/>\n\t\t[\/et_pb_section]<\/p>\n","protected":false},"excerpt":{"rendered":"<p>Galaxy \u00a0le num\u00e9ro des excursions &amp; tours \u00a0en fran\u00e7ais en Floride &nbsp; &nbsp; &nbsp; Le Sunshine State fait partie des destinations Am\u00e9ricaines les plus touristiques. C&#8217;est une r\u00e9gion \u00e0 d\u00e9couvrir [&hellip;]<\/p>\n","protected":false},"author":1,"featured_media":0,"parent":316,"menu_order":0,"comment_status":"closed","ping_status":"closed","template":"","meta":{"_et_pb_use_builder":"on","_et_pb_old_content":"<h2 class=\"p0\" style=\"text-align: center;\"><strong><span class=\"c0\">Galaxy \u00a0le num<em>\u00e9<\/em>ro des excursions &amp; tours \u00a0<\/span><span class=\"c0\">en fran\u00e7ais en Floride<\/span><\/strong><\/h2>\r\n&nbsp;\r\n\r\n<a href=\"http:\/\/richardsmotelentertainment.com\/fr\/wp-content\/uploads\/2017\/06\/Galaxy.jpg\"><img class=\"aligncenter wp-image-244\" src=\"http:\/\/richardsmotelentertainment.com\/fr\/wp-content\/uploads\/2017\/06\/Galaxy-285x300.jpg\" alt=\"\" width=\"500\" height=\"526\" \/><\/a>\r\n\r\n&nbsp;\r\n\r\n&nbsp;\r\n<p class=\"p0\" style=\"text-align: justify;\"><span class=\"c0\">Le Sunshine State fait partie des destinations Am\u00e9ricaines les plus touristiques. C'est une r\u00e9gion \u00e0 d\u00e9couvrir avec son histoire, sa faune sa flore. Nos excursions sont accompagn\u00e9es par un guide francophone. \u00a0<\/span><span class=\"c0\">R\u00e9servez t\u00f4t et obtenez une r\u00e9duction de prix<\/span><span class=\"c1\">\u00a0<\/span><span class=\"c2\">\u00a0\u00a0<\/span><\/p>\r\n<a href=\"http:\/\/richardsmotelentertainment.com\/fr\/wp-content\/uploads\/2017\/06\/Galaxy-map.jpg\"><img class=\"alignleft wp-image-249\" src=\"http:\/\/richardsmotelentertainment.com\/fr\/wp-content\/uploads\/2017\/06\/Galaxy-map-300x249.jpg\" alt=\"\" width=\"500\" height=\"415\" \/><\/a>\r\n\r\n&nbsp;\r\n\r\n<strong>Excursions:<\/strong>\r\n- \u00a0Grand Miami\r\n- \u00a0Ste Augustine &amp; Kennedy Space Center\r\n- \u00a0Cap Canaveral\r\n- \u00a0Ste Augustine\r\n- \u00a0Orlando\r\n- \u00a0Palm Beach plus sur demande\r\n- \u00a0Key West &amp; les Keys\r\n- \u00a0Parade des bateaux illumin\u00e9s\r\n- \u00a0C\u00f4te ouest de la Floride. Fort Myers-Naples\r\n- \u00a0La croisi\u00e8re s'amuse\r\n\r\n&nbsp;","_et_gb_content_width":"","_monsterinsights_skip_tracking":false,"_monsterinsights_sitenote_active":false,"_monsterinsights_sitenote_note":"","_monsterinsights_sitenote_category":0,"footnotes":""},"class_list":["post-243","page","type-page","status-publish","hentry"],"_links":{"self":[{"href":"https:\/\/richardsmotelentertainment.com\/fr\/wp-json\/wp\/v2\/pages\/243","targetHints":{"allow":["GET"]}}],"collection":[{"href":"https:\/\/richardsmotelentertainment.com\/fr\/wp-json\/wp\/v2\/pages"}],"about":[{"href":"https:\/\/richardsmotelentertainment.com\/fr\/wp-json\/wp\/v2\/types\/page"}],"author":[{"embeddable":true,"href":"https:\/\/richardsmotelentertainment.com\/fr\/wp-json\/wp\/v2\/users\/1"}],"replies":[{"embeddable":true,"href":"https:\/\/richardsmotelentertainment.com\/fr\/wp-json\/wp\/v2\/comments?post=243"}],"version-history":[{"count":9,"href":"https:\/\/richardsmotelentertainment.com\/fr\/wp-json\/wp\/v2\/pages\/243\/revisions"}],"predecessor-version":[{"id":11918,"href":"https:\/\/richardsmotelentertainment.com\/fr\/wp-json\/wp\/v2\/pages\/243\/revisions\/11918"}],"up":[{"embeddable":true,"href":"https:\/\/richardsmotelentertainment.com\/fr\/wp-json\/wp\/v2\/pages\/316"}],"wp:attachment":[{"href":"https:\/\/richardsmotelentertainment.com\/fr\/wp-json\/wp\/v2\/media?parent=243"}],"curies":[{"name":"wp","href":"https:\/\/api.w.org\/{rel}","templated":true}]}}