{"id":261,"date":"2017-06-23T23:19:51","date_gmt":"2017-06-23T23:19:51","guid":{"rendered":"http:\/\/richardsmotelentertainment.com\/fr\/?page_id=261"},"modified":"2024-10-31T02:40:49","modified_gmt":"2024-10-31T06:40:49","slug":"no-vacansea","status":"publish","type":"page","link":"https:\/\/richardsmotelentertainment.com\/fr\/entertainment\/no-vacansea\/","title":{"rendered":"No Vacansea"},"content":{"rendered":"<p>[et_pb_section admin_label=&#8221;section&#8221;]<br \/>\n\t\t\t[et_pb_row admin_label=&#8221;row&#8221;]<br \/>\n\t\t\t\t[et_pb_column type=&#8221;4_4&#8243;][et_pb_text admin_label=&#8221;Text&#8221;]<\/p>\n<h2 style=\"text-align: center;\"><strong>No Vacansea \u00a0<\/strong><\/h2>\n<h2 style=\"text-align: center;\"><strong>Voyage de\u00a0p\u00eache dans le sud de la Floride<\/strong><\/h2>\n<p>&nbsp;<\/p>\n<p style=\"text-align: center;\"><a href=\"http:\/\/richardsmotelentertainment.com\/fr\/wp-content\/uploads\/2017\/06\/sailfish.jpg\" data-rel=\"lightbox-image-0\" data-rl_title=\"\" data-rl_caption=\"\" title=\"\"><img loading=\"lazy\" decoding=\"async\" class=\"aligncenter wp-image-263 size-full\" src=\"http:\/\/richardsmotelentertainment.com\/fr\/wp-content\/uploads\/2017\/06\/sailfish.jpg\" alt=\"\" width=\"375\" height=\"278\" srcset=\"https:\/\/richardsmotelentertainment.com\/fr\/wp-content\/uploads\/2017\/06\/sailfish.jpg 375w, https:\/\/richardsmotelentertainment.com\/fr\/wp-content\/uploads\/2017\/06\/sailfish-300x222.jpg 300w, https:\/\/richardsmotelentertainment.com\/fr\/wp-content\/uploads\/2017\/06\/sailfish-154x114.jpg 154w\" sizes=\"(max-width: 375px) 100vw, 375px\" \/><\/a><\/p>\n<p>&nbsp;<\/p>\n<p style=\"text-align: justify;\">No Vacansea \u00a0est specialis\u00e9 dans differentes tactiques de p\u00eache au large de la c\u00f4te est de la floride du sud de Miami, Hollywood, Fort Lauderdale, Pompano, Boca Raton, West Palm beach, et dans les Bahamas. Le beau temps \u00a0et le vaste ocean atlantique rend nos excursions d\u2019une journ\u00e9e tres agr\u00e9able sur nos bateaux de 31 pieds capable de transporter 6 p\u00eacheurs et c&#8217;est \u00a0une journ\u00e9e de p\u00eache tr\u00e8s passionnante qui vous attend.<\/p>\n<p style=\"text-align: justify;\">Les capitaines Mario C\u00f4t\u00e9 et sont fils K\u00e9vin \u00a0 partagent tous les une passion profonde pour le sport de la p\u00eache et aimerait vous embarquer pour une aventure a la peche a nos poissons tres combatif comme L\u2019espadon,\u00a0 Mahi-Mahi, Kingfish, Wahoo, Requin et Thon, et bien d&#8217;autres encore..<\/p>\n<p>&nbsp;<\/p>\n<p><a href=\"http:\/\/richardsmotelentertainment.com\/fr\/wp-content\/uploads\/2017\/06\/boat-02.jpg\" data-rel=\"lightbox-image-1\" data-rl_title=\"\" data-rl_caption=\"\" title=\"\"><img loading=\"lazy\" decoding=\"async\" class=\"size-medium wp-image-266 alignleft\" src=\"http:\/\/richardsmotelentertainment.com\/fr\/wp-content\/uploads\/2017\/06\/boat-02-300x170.jpg\" alt=\"\" width=\"300\" height=\"170\" srcset=\"https:\/\/richardsmotelentertainment.com\/fr\/wp-content\/uploads\/2017\/06\/boat-02-300x170.jpg 300w, https:\/\/richardsmotelentertainment.com\/fr\/wp-content\/uploads\/2017\/06\/boat-02-201x114.jpg 201w, https:\/\/richardsmotelentertainment.com\/fr\/wp-content\/uploads\/2017\/06\/boat-02.jpg 523w\" sizes=\"(max-width: 300px) 100vw, 300px\" \/><\/a><\/p>\n<p><a href=\"http:\/\/richardsmotelentertainment.com\/fr\/wp-content\/uploads\/2017\/06\/boat-01.jpg\" data-rel=\"lightbox-image-2\" data-rl_title=\"\" data-rl_caption=\"\" title=\"\"><img loading=\"lazy\" decoding=\"async\" class=\"size-medium wp-image-267 alignright\" src=\"http:\/\/richardsmotelentertainment.com\/fr\/wp-content\/uploads\/2017\/06\/boat-01-300x170.jpg\" alt=\"\" width=\"300\" height=\"170\" srcset=\"https:\/\/richardsmotelentertainment.com\/fr\/wp-content\/uploads\/2017\/06\/boat-01-300x170.jpg 300w, https:\/\/richardsmotelentertainment.com\/fr\/wp-content\/uploads\/2017\/06\/boat-01-201x114.jpg 201w, https:\/\/richardsmotelentertainment.com\/fr\/wp-content\/uploads\/2017\/06\/boat-01.jpg 523w\" sizes=\"(max-width: 300px) 100vw, 300px\" \/><\/a><\/p>\n<p style=\"text-align: center;\">Nous avons des bateaux pour r<em>\u00e9<\/em>pondre a tous vos besoins<\/p>\n<p style=\"text-align: center;\">Ils sont equip<em>\u00e9<\/em>s de radio vhf, epirb, cd, radio AM\/FM and sirius satellite radio.<\/p>\n<p>&nbsp;<\/p>\n<p>&nbsp;<br \/>\n<\/br><br \/>\n<\/br><\/p>\n<p><style type=\"text\/css\">\n#foogallery-gallery-268 .fg-image { width: 200px; }\n#foogallery-gallery-268 { --fg-gutter: 10px; }<\/style>\n\t\t\t<div class=\"foogallery foogallery-container foogallery-default foogallery-lightbox-foobox-free fg-center fg-default fg-ready fg-light fg-border-thin fg-round-full fg-shadow-small fg-loading-default fg-loaded-fade-in fg-hover-fade fg-hover-zoom\" id=\"foogallery-gallery-268\" data-foogallery=\"{&quot;item&quot;:{&quot;showCaptionTitle&quot;:true,&quot;showCaptionDescription&quot;:false},&quot;lazy&quot;:true}\" style=\"--fg-title-line-clamp: 0; --fg-description-line-clamp: 0;\" >\n\t<div class=\"fg-item fg-type-image fg-idle\"><figure class=\"fg-item-inner\"><a href=\"https:\/\/richardsmotelentertainment.com\/fr\/wp-content\/uploads\/2017\/06\/1493327983_lrg.jpg\" data-attachment-id=\"270\" data-type=\"image\" class=\"fg-thumb\" data-rel=\"lightbox-image-3\" data-rl_title=\"\" data-rl_caption=\"\" title=\"\"><span class=\"fg-image-wrap\"><img decoding=\"async\" width=\"200\" height=\"200\" class=\"skip-lazy fg-image\" data-src-fg=\"https:\/\/richardsmotelentertainment.com\/fr\/wp-content\/uploads\/cache\/2017\/06\/1493327983_lrg\/3742236906.jpg\" src=\"data:image\/svg+xml,%3Csvg%20xmlns%3D%22http%3A%2F%2Fwww.w3.org%2F2000%2Fsvg%22%20width%3D%22200%22%20height%3D%22200%22%20viewBox%3D%220%200%20200%20200%22%3E%3C%2Fsvg%3E\" loading=\"eager\"><\/span><span class=\"fg-image-overlay\"><\/span><\/a><\/figure><div class=\"fg-loader\"><\/div><\/div><div class=\"fg-item fg-type-image fg-idle\"><figure class=\"fg-item-inner\"><a href=\"https:\/\/richardsmotelentertainment.com\/fr\/wp-content\/uploads\/2017\/06\/1493327971_lrg.jpg\" data-attachment-id=\"271\" data-type=\"image\" class=\"fg-thumb\" data-rel=\"lightbox-image-4\" data-rl_title=\"\" data-rl_caption=\"\" title=\"\"><span class=\"fg-image-wrap\"><img decoding=\"async\" width=\"200\" height=\"200\" class=\"skip-lazy fg-image\" data-src-fg=\"https:\/\/richardsmotelentertainment.com\/fr\/wp-content\/uploads\/cache\/2017\/06\/1493327971_lrg\/3785476037.jpg\" src=\"data:image\/svg+xml,%3Csvg%20xmlns%3D%22http%3A%2F%2Fwww.w3.org%2F2000%2Fsvg%22%20width%3D%22200%22%20height%3D%22200%22%20viewBox%3D%220%200%20200%20200%22%3E%3C%2Fsvg%3E\" loading=\"eager\"><\/span><span class=\"fg-image-overlay\"><\/span><\/a><\/figure><div class=\"fg-loader\"><\/div><\/div><div class=\"fg-item fg-type-image fg-idle\"><figure class=\"fg-item-inner\"><a href=\"https:\/\/richardsmotelentertainment.com\/fr\/wp-content\/uploads\/2017\/06\/1493327909_lrg.jpg\" data-attachment-id=\"272\" data-type=\"image\" class=\"fg-thumb\" data-rel=\"lightbox-image-5\" data-rl_title=\"\" data-rl_caption=\"\" title=\"\"><span class=\"fg-image-wrap\"><img decoding=\"async\" width=\"200\" height=\"200\" class=\"skip-lazy fg-image\" data-src-fg=\"https:\/\/richardsmotelentertainment.com\/fr\/wp-content\/uploads\/cache\/2017\/06\/1493327909_lrg\/1602364589.jpg\" src=\"data:image\/svg+xml,%3Csvg%20xmlns%3D%22http%3A%2F%2Fwww.w3.org%2F2000%2Fsvg%22%20width%3D%22200%22%20height%3D%22200%22%20viewBox%3D%220%200%20200%20200%22%3E%3C%2Fsvg%3E\" loading=\"eager\"><\/span><span class=\"fg-image-overlay\"><\/span><\/a><\/figure><div class=\"fg-loader\"><\/div><\/div><div class=\"fg-item fg-type-image fg-idle\"><figure class=\"fg-item-inner\"><a href=\"https:\/\/richardsmotelentertainment.com\/fr\/wp-content\/uploads\/2017\/06\/1493327924_lrg.jpg\" data-attachment-id=\"273\" data-type=\"image\" class=\"fg-thumb\" data-rel=\"lightbox-image-6\" data-rl_title=\"\" data-rl_caption=\"\" title=\"\"><span class=\"fg-image-wrap\"><img decoding=\"async\" width=\"200\" height=\"200\" class=\"skip-lazy fg-image\" data-src-fg=\"https:\/\/richardsmotelentertainment.com\/fr\/wp-content\/uploads\/cache\/2017\/06\/1493327924_lrg\/1419058317.jpg\" src=\"data:image\/svg+xml,%3Csvg%20xmlns%3D%22http%3A%2F%2Fwww.w3.org%2F2000%2Fsvg%22%20width%3D%22200%22%20height%3D%22200%22%20viewBox%3D%220%200%20200%20200%22%3E%3C%2Fsvg%3E\" loading=\"eager\"><\/span><span class=\"fg-image-overlay\"><\/span><\/a><\/figure><div class=\"fg-loader\"><\/div><\/div><\/div>\n[\/et_pb_text][\/et_pb_column]<br \/>\n\t\t\t[\/et_pb_row]<br \/>\n\t\t[\/et_pb_section]<\/p>\n","protected":false},"excerpt":{"rendered":"<p>No Vacansea \u00a0 Voyage de\u00a0p\u00eache dans le sud de la Floride &nbsp; &nbsp; No Vacansea \u00a0est specialis\u00e9 dans differentes tactiques de p\u00eache au large de la c\u00f4te est de la [&hellip;]<\/p>\n","protected":false},"author":1,"featured_media":0,"parent":316,"menu_order":0,"comment_status":"closed","ping_status":"closed","template":"","meta":{"_et_pb_use_builder":"on","_et_pb_old_content":"<h2 style=\"text-align: center;\"><strong>No Vacansea \u00a0<\/strong><\/h2>\r\n<h2 style=\"text-align: center;\"><strong>Voyage de\u00a0p\u00eache dans le sud de la Floride<\/strong><\/h2>\r\n&nbsp;\r\n<p style=\"text-align: center;\"><a href=\"http:\/\/richardsmotelentertainment.com\/fr\/wp-content\/uploads\/2017\/06\/sailfish.jpg\"><img class=\"aligncenter wp-image-263 size-full\" src=\"http:\/\/richardsmotelentertainment.com\/fr\/wp-content\/uploads\/2017\/06\/sailfish.jpg\" alt=\"\" width=\"375\" height=\"278\" \/><\/a><\/p>\r\n&nbsp;\r\n<p style=\"text-align: justify;\">No Vacansea \u00a0est specialis\u00e9 dans differentes tactiques de p\u00eache au large de la c\u00f4te est de la floride du sud de Miami, Hollywood, Fort Lauderdale, Pompano, Boca Raton, West Palm beach, et dans les Bahamas. Le beau temps \u00a0et le vaste ocean atlantique rend nos excursions d\u2019une journ\u00e9e tres agr\u00e9able sur nos bateaux de 31 pieds capable de transporter 6 p\u00eacheurs et c'est \u00a0une journ\u00e9e de p\u00eache tr\u00e8s passionnante qui vous attend.<\/p>\r\n<p style=\"text-align: justify;\">Les capitaines Mario C\u00f4t\u00e9 et sont fils K\u00e9vin \u00a0 partagent tous les une passion profonde pour le sport de la p\u00eache et aimerait vous embarquer pour une aventure a la peche a nos poissons tres combatif comme L\u2019espadon,\u00a0 Mahi-Mahi, Kingfish, Wahoo, Requin et Thon, et bien d'autres encore..<\/p>\r\n&nbsp;\r\n\r\n<a href=\"http:\/\/richardsmotelentertainment.com\/fr\/wp-content\/uploads\/2017\/06\/boat-02.jpg\"><img class=\"size-medium wp-image-266 alignleft\" src=\"http:\/\/richardsmotelentertainment.com\/fr\/wp-content\/uploads\/2017\/06\/boat-02-300x170.jpg\" alt=\"\" width=\"300\" height=\"170\" \/><\/a>\r\n\r\n<a href=\"http:\/\/richardsmotelentertainment.com\/fr\/wp-content\/uploads\/2017\/06\/boat-01.jpg\"><img class=\"size-medium wp-image-267 alignright\" src=\"http:\/\/richardsmotelentertainment.com\/fr\/wp-content\/uploads\/2017\/06\/boat-01-300x170.jpg\" alt=\"\" width=\"300\" height=\"170\" \/><\/a>\r\n<p style=\"text-align: center;\">Nous avons des bateaux pour r<em>\u00e9<\/em>pondre a tous vos besoins<\/p>\r\n<p style=\"text-align: center;\">Ils sont equip<em>\u00e9<\/em>s de radio vhf, epirb, cd, radio AM\/FM and sirius satellite radio.<\/p>\r\n&nbsp;\r\n\r\n&nbsp;\r\n<\/br>\r\n<\/br>\r\n\r\n[foogallery id=\"268\"]","_et_gb_content_width":"","_monsterinsights_skip_tracking":false,"_monsterinsights_sitenote_active":false,"_monsterinsights_sitenote_note":"","_monsterinsights_sitenote_category":0,"footnotes":""},"class_list":["post-261","page","type-page","status-publish","hentry"],"_links":{"self":[{"href":"https:\/\/richardsmotelentertainment.com\/fr\/wp-json\/wp\/v2\/pages\/261","targetHints":{"allow":["GET"]}}],"collection":[{"href":"https:\/\/richardsmotelentertainment.com\/fr\/wp-json\/wp\/v2\/pages"}],"about":[{"href":"https:\/\/richardsmotelentertainment.com\/fr\/wp-json\/wp\/v2\/types\/page"}],"author":[{"embeddable":true,"href":"https:\/\/richardsmotelentertainment.com\/fr\/wp-json\/wp\/v2\/users\/1"}],"replies":[{"embeddable":true,"href":"https:\/\/richardsmotelentertainment.com\/fr\/wp-json\/wp\/v2\/comments?post=261"}],"version-history":[{"count":8,"href":"https:\/\/richardsmotelentertainment.com\/fr\/wp-json\/wp\/v2\/pages\/261\/revisions"}],"predecessor-version":[{"id":11920,"href":"https:\/\/richardsmotelentertainment.com\/fr\/wp-json\/wp\/v2\/pages\/261\/revisions\/11920"}],"up":[{"embeddable":true,"href":"https:\/\/richardsmotelentertainment.com\/fr\/wp-json\/wp\/v2\/pages\/316"}],"wp:attachment":[{"href":"https:\/\/richardsmotelentertainment.com\/fr\/wp-json\/wp\/v2\/media?parent=261"}],"curies":[{"name":"wp","href":"https:\/\/api.w.org\/{rel}","templated":true}]}}