{"id":316,"date":"2017-08-07T14:52:25","date_gmt":"2017-08-07T14:52:25","guid":{"rendered":"http:\/\/richardsmotelentertainment.com\/fr\/?page_id=316"},"modified":"2024-09-30T05:00:59","modified_gmt":"2024-09-30T09:00:59","slug":"entertainment","status":"publish","type":"page","link":"https:\/\/richardsmotelentertainment.com\/fr\/entertainment\/","title":{"rendered":"Entertainment"},"content":{"rendered":"<p>[et_pb_section admin_label=&#8221;section&#8221;]<br \/>\n\t\t\t[et_pb_row admin_label=&#8221;row&#8221;]<br \/>\n\t\t\t\t[et_pb_column type=&#8221;4_4&#8243;][et_pb_text admin_label=&#8221;Text&#8221;]<span style=\"background-color: #ffffff;\">L\u2019endroit incontournable pour vos spectacles!<\/span><\/p>\n<p><strong>CLUB TROPICAL (billetterie situ\u00e9e au Richard&#8217;s Hotel)<\/strong><\/p>\n<p>Contact: Jean<br \/>\nForand, TEL 954-391-2105 (hiver) \/ 450-378-2771 (\u00e9t\u00e9) \/<br \/>\n<a href=\"mailto:jforand@agencetiming.com\" target=\"_blank\" rel=\"noopener\">jforand@agencetiming.com<\/a><\/p>\n<p><a href=\"http:\/\/richardsmotelentertainment.com\/fr\/entertainment\/club-tropical-hallandale-beach-2019\/\">Archives de l&#8217;hiver 2019<\/a><\/p>\n<p style=\"text-align: right;\"><strong style=\"background-color: #ffffff; text-align: right;\">Bienvenue chez Canam Golf<\/strong><br style=\"text-align: right;\" \/><span style=\"text-align: right; background-color: #ffffff;\">Plus de 170 terrains de golf en Floride<\/span><\/p>\n<p><a href=\"http:\/\/richardsmotelentertainment.com\/fr\/entertainment\/canam-golf\/\"><img loading=\"lazy\" decoding=\"async\" class=\"alignleft size-full wp-image-230\" src=\"http:\/\/richardsmotelentertainment.com\/fr\/wp-content\/uploads\/2015\/06\/10368349_1496682743939793_3365977330945158879_o.jpg\" alt=\"10368349_1496682743939793_3365977330945158879_o\" width=\"2063\" height=\"750\" srcset=\"https:\/\/richardsmotelentertainment.com\/fr\/wp-content\/uploads\/2015\/06\/10368349_1496682743939793_3365977330945158879_o.jpg 2063w, https:\/\/richardsmotelentertainment.com\/fr\/wp-content\/uploads\/2015\/06\/10368349_1496682743939793_3365977330945158879_o-300x109.jpg 300w, https:\/\/richardsmotelentertainment.com\/fr\/wp-content\/uploads\/2015\/06\/10368349_1496682743939793_3365977330945158879_o-768x279.jpg 768w, https:\/\/richardsmotelentertainment.com\/fr\/wp-content\/uploads\/2015\/06\/10368349_1496682743939793_3365977330945158879_o-1024x372.jpg 1024w, https:\/\/richardsmotelentertainment.com\/fr\/wp-content\/uploads\/2015\/06\/10368349_1496682743939793_3365977330945158879_o-250x91.jpg 250w\" sizes=\"(max-width: 2063px) 100vw, 2063px\" \/><\/a><\/p>\n<p><strong>EXCURSIONS D&#8217;UN JOUR EN AUTOCAR (ENTI\u00c8REMENT EN FRAN\u00c7AIS) Go2Vacations<\/strong> <strong>(Galaxy) <\/strong><\/p>\n<p>954-925-9786 \/ 1-866-544-8402. Pour une r\u00e9ponse rapide, posez<br \/>\nvos questions par courriel &#8211;\u00a0<a href=\"mailto:info@go-2vacations.com\" target=\"_blank\" rel=\"noopener\">info@go-2vacations.com<\/a>(Jacques Cimetier).<\/p>\n<p><span style=\"background-color: #ffffff;\">le num\u00e9ro 1 des excursions et tours en fran\u00e7ais en Floride<\/span><\/p>\n<p><a href=\"http:\/\/richardsmotelentertainment.com\/fr\/entertainment\/galaxy-excursions\/\"><img loading=\"lazy\" decoding=\"async\" class=\"alignleft size-full wp-image-244\" src=\"http:\/\/richardsmotelentertainment.com\/fr\/wp-content\/uploads\/2017\/06\/Galaxy.jpg\" alt=\"Galaxy\" width=\"830\" height=\"873\" srcset=\"https:\/\/richardsmotelentertainment.com\/fr\/wp-content\/uploads\/2017\/06\/Galaxy.jpg 830w, https:\/\/richardsmotelentertainment.com\/fr\/wp-content\/uploads\/2017\/06\/Galaxy-285x300.jpg 285w, https:\/\/richardsmotelentertainment.com\/fr\/wp-content\/uploads\/2017\/06\/Galaxy-768x808.jpg 768w, https:\/\/richardsmotelentertainment.com\/fr\/wp-content\/uploads\/2017\/06\/Galaxy-494x520.jpg 494w, https:\/\/richardsmotelentertainment.com\/fr\/wp-content\/uploads\/2017\/06\/Galaxy-108x114.jpg 108w\" sizes=\"(max-width: 830px) 100vw, 830px\" \/><\/a><\/p>\n<p style=\"text-align: right;\">\n<p><strong>MAMMY&#8217;S CANTINE &amp; TAKE OUT (Dany) 954-404-0111<\/strong><\/p>\n<p>Thank you for your<br \/>\ncollaboration&#8230;<\/p>\n<p style=\"text-align: right;\"><span style=\"text-align: right; background-color: #ffffff;\"><strong style=\"background-color: #ffffff; text-align: right;\">No Vacansea\u00a0 \u00a0 <\/strong>Voyage de\u00a0p\u00eache dans le sud de la Floride<\/span><\/p>\n<p><a href=\"http:\/\/richardsmotelentertainment.com\/fr\/entertainment\/no-vacansea\/\"><img loading=\"lazy\" decoding=\"async\" class=\"alignleft  wp-image-328\" src=\"http:\/\/richardsmotelentertainment.com\/fr\/wp-content\/uploads\/2017\/08\/NoVacansea.jpg\" alt=\"NoVacansea\" width=\"331\" height=\"442\" srcset=\"https:\/\/richardsmotelentertainment.com\/fr\/wp-content\/uploads\/2017\/08\/NoVacansea.jpg 540w, https:\/\/richardsmotelentertainment.com\/fr\/wp-content\/uploads\/2017\/08\/NoVacansea-225x300.jpg 225w, https:\/\/richardsmotelentertainment.com\/fr\/wp-content\/uploads\/2017\/08\/NoVacansea-390x520.jpg 390w, https:\/\/richardsmotelentertainment.com\/fr\/wp-content\/uploads\/2017\/08\/NoVacansea-86x114.jpg 86w\" sizes=\"(max-width: 331px) 100vw, 331px\" \/><\/a><\/p>\n<p style=\"margin: 0px 0px 15px; padding: 0px; border: 0px; outline: 0px; vertical-align: top; background: #ffffff; font-family: Gudea, sans-serif; font-size: 16px; line-height: 22.4px; display: block; color: #5e5e5e; font-style: normal; font-variant-ligatures: normal; font-variant-caps: normal; font-weight: 400; letter-spacing: normal; orphans: 2; text-align: start; text-indent: 0px; text-transform: none; white-space: normal; widows: 2; word-spacing: 0px; -webkit-text-stroke-width: 0px; text-decoration-style: initial; text-decoration-color: initial;\"><span style=\"font-size: 12px; text-decoration: underline;\"><strong>Carte interactive des articles touristiques du Courrier de Floride :<\/strong> <\/span><\/p>\n<p style=\"margin: 0px 0px 15px; padding: 0px; border: 0px; outline: 0px; vertical-align: top; background: #ffffff; font-family: Gudea, sans-serif; font-size: 16px; line-height: 22.4px; display: block; color: #5e5e5e; font-style: normal; font-variant-ligatures: normal; font-variant-caps: normal; font-weight: 400; letter-spacing: normal; orphans: 2; text-align: start; text-indent: 0px; text-transform: none; white-space: normal; widows: 2; word-spacing: 0px; -webkit-text-stroke-width: 0px; text-decoration-style: initial; text-decoration-color: initial;\"><span style=\"font-size: 12px;\">cliquez sur un endroit et vous aurez acc\u00e8s au lien vers l\u2019article, qui lui m\u00eame r\u00e9pertorie toutes les choses \u00e0 visiter dans les environs.<\/span><\/p>\n<p style=\"margin: 0px 0px 15px; padding: 0px; border: 0px; outline: 0px; vertical-align: top; background: #ffffff; font-family: Gudea, sans-serif; font-size: 16px; line-height: 22.4px; display: block; color: #5e5e5e; font-style: normal; font-variant-ligatures: normal; font-variant-caps: normal; font-weight: 400; letter-spacing: normal; orphans: 2; text-align: start; text-indent: 0px; text-transform: none; white-space: normal; widows: 2; word-spacing: 0px; -webkit-text-stroke-width: 0px; text-decoration-style: initial; text-decoration-color: initial;\"><span style=\"font-size: 12px;\">\u2013 En rouge les villes<\/span><\/p>\n<p style=\"margin: 0px 0px 15px; padding: 0px; border: 0px; outline: 0px; vertical-align: top; background: #ffffff; font-family: Gudea, sans-serif; font-size: 16px; line-height: 22.4px; display: block; color: #5e5e5e; font-style: normal; font-variant-ligatures: normal; font-variant-caps: normal; font-weight: 400; letter-spacing: normal; orphans: 2; text-align: start; text-indent: 0px; text-transform: none; white-space: normal; widows: 2; word-spacing: 0px; -webkit-text-stroke-width: 0px; text-decoration-style: initial; text-decoration-color: initial;\"><span style=\"font-size: 12px;\">\u2013 En vert les ensembles g\u00e9ographiques (certains comt\u00e9s, des parties des Keys\u2026)<\/span><\/p>\n<p style=\"margin: 0px 0px 15px; padding: 0px; border: 0px; outline: 0px; vertical-align: top; background: #ffffff; font-family: Gudea, sans-serif; font-size: 16px; line-height: 22.4px; display: block; color: #5e5e5e; font-style: normal; font-variant-ligatures: normal; font-variant-caps: normal; font-weight: 400; letter-spacing: normal; orphans: 2; text-align: start; text-indent: 0px; text-transform: none; white-space: normal; widows: 2; word-spacing: 0px; -webkit-text-stroke-width: 0px; text-decoration-style: initial; text-decoration-color: initial;\"><span style=\"font-size: 12px;\">\u2013 En bleu les sites touristiques importants en dehors des villes.<\/span><\/p>\n<p style=\"text-align: center;\"><strong>Cliquer sur la carte pour acceder a la map<\/strong><\/p>\n<p><a href=\"https:\/\/www.google.com\/maps\/d\/viewer?mid=1-jqh04pa0b4h5n7P1t3wEOx97pM&amp;ll=27.527296876194864%2C-83.6266723&amp;z=7\" target=\"_blank\" rel=\"noopener noreferrer\"><img loading=\"lazy\" decoding=\"async\" class=\"alignleft  wp-image-1259\" src=\"http:\/\/richardsmotelentertainment.com\/fr\/wp-content\/uploads\/2018\/02\/Carte-floride-tourisme-1.jpg\" alt=\"Carte-floride-tourisme-1\" width=\"610\" height=\"943\" srcset=\"https:\/\/richardsmotelentertainment.com\/fr\/wp-content\/uploads\/2018\/02\/Carte-floride-tourisme-1.jpg 1280w, https:\/\/richardsmotelentertainment.com\/fr\/wp-content\/uploads\/2018\/02\/Carte-floride-tourisme-1-194x300.jpg 194w, https:\/\/richardsmotelentertainment.com\/fr\/wp-content\/uploads\/2018\/02\/Carte-floride-tourisme-1-768x1187.jpg 768w, https:\/\/richardsmotelentertainment.com\/fr\/wp-content\/uploads\/2018\/02\/Carte-floride-tourisme-1-663x1024.jpg 663w\" sizes=\"(max-width: 610px) 100vw, 610px\" \/><\/a>[\/et_pb_text][\/et_pb_column]<br \/>\n\t\t\t[\/et_pb_row]<br \/>\n\t\t[\/et_pb_section]<\/p>\n","protected":false},"excerpt":{"rendered":"<p>L\u2019endroit incontournable pour vos spectacles! CLUB TROPICAL (billetterie situ\u00e9e au Richard&#8217;s Hotel) Contact: Jean Forand, TEL 954-391-2105 (hiver) \/ 450-378-2771 (\u00e9t\u00e9) \/ jforand@agencetiming.com Archives de l&#8217;hiver 2019 Bienvenue chez Canam [&hellip;]<\/p>\n","protected":false},"author":1,"featured_media":0,"parent":0,"menu_order":0,"comment_status":"closed","ping_status":"closed","template":"","meta":{"_et_pb_use_builder":"on","_et_pb_old_content":"<span style=\"background-color: #ffffff;\">L\u2019endroit incontournable pour vos spectacles!<\/span>\n\n<strong>CLUB TROPICAL (billetterie situ\u00e9e au Richard's Hotel)<\/strong>\n\nContact: Jean\nForand, TEL 954-391-2105 (hiver) \/ 450-378-2771 (\u00e9t\u00e9) \/\n<a href=\"mailto:jforand@agencetiming.com\" target=\"_blank\" rel=\"noopener\">jforand@agencetiming.com<\/a>\n\n<a href=\"http:\/\/richardsmotelentertainment.com\/fr\/entertainment\/club-tropical-hallandale-beach-2019\/\">Archives de l'hiver 2019<\/a>\n<p style=\"text-align: right;\"><strong style=\"background-color: #ffffff; text-align: right;\">Bienvenue chez Canam Golf<\/strong><br style=\"text-align: right;\" \/><span style=\"text-align: right; background-color: #ffffff;\">Plus de 170 terrains de golf en Floride<\/span><\/p>\n<a href=\"http:\/\/richardsmotelentertainment.com\/fr\/entertainment\/canam-golf\/\"><img class=\"alignleft size-full wp-image-230\" src=\"http:\/\/richardsmotelentertainment.com\/fr\/wp-content\/uploads\/2015\/06\/10368349_1496682743939793_3365977330945158879_o.jpg\" alt=\"10368349_1496682743939793_3365977330945158879_o\" width=\"2063\" height=\"750\" \/><\/a>\n\n<strong>EXCURSIONS D'UN JOUR EN AUTOCAR (ENTI\u00c8REMENT EN FRAN\u00c7AIS) Go2Vacations<\/strong> <strong>(Galaxy) <\/strong>\n\n954-925-9786 \/ 1-866-544-8402. Pour une r\u00e9ponse rapide, posez\nvos questions par courriel -\u00a0<a href=\"mailto:info@go-2vacations.com\" target=\"_blank\" rel=\"noopener\">info@go-2vacations.com<\/a>(Jacques Cimetier).\n\n<span style=\"background-color: #ffffff;\">le num\u00e9ro 1 des excursions et tours en fran\u00e7ais en Floride<\/span>\n\n<a href=\"http:\/\/richardsmotelentertainment.com\/fr\/entertainment\/galaxy-excursions\/\"><img class=\"alignleft size-full wp-image-244\" src=\"http:\/\/richardsmotelentertainment.com\/fr\/wp-content\/uploads\/2017\/06\/Galaxy.jpg\" alt=\"Galaxy\" width=\"830\" height=\"873\" \/><\/a>\n<p style=\"text-align: right;\"><\/p>\n<strong>MAMMY'S CANTINE &amp; TAKE OUT (Dany) 954-404-0111<\/strong>\n\nThank you for your\ncollaboration...\n<p style=\"text-align: right;\"><span style=\"text-align: right; background-color: #ffffff;\"><strong style=\"background-color: #ffffff; text-align: right;\">No Vacansea\u00a0 \u00a0 <\/strong>Voyage de\u00a0p\u00eache dans le sud de la Floride<\/span><\/p>\n<a href=\"http:\/\/richardsmotelentertainment.com\/fr\/entertainment\/no-vacansea\/\"><img class=\"alignleft  wp-image-328\" src=\"http:\/\/richardsmotelentertainment.com\/fr\/wp-content\/uploads\/2017\/08\/NoVacansea.jpg\" alt=\"NoVacansea\" width=\"331\" height=\"442\" \/><\/a>\n<p style=\"margin: 0px 0px 15px; padding: 0px; border: 0px; outline: 0px; vertical-align: top; background: #ffffff; font-family: Gudea, sans-serif; font-size: 16px; line-height: 22.4px; display: block; color: #5e5e5e; font-style: normal; font-variant-ligatures: normal; font-variant-caps: normal; font-weight: 400; letter-spacing: normal; orphans: 2; text-align: start; text-indent: 0px; text-transform: none; white-space: normal; widows: 2; word-spacing: 0px; -webkit-text-stroke-width: 0px; text-decoration-style: initial; text-decoration-color: initial;\"><span style=\"font-size: 12px; text-decoration: underline;\"><strong>Carte interactive des articles touristiques du Courrier de Floride :<\/strong> <\/span><\/p>\n<p style=\"margin: 0px 0px 15px; padding: 0px; border: 0px; outline: 0px; vertical-align: top; background: #ffffff; font-family: Gudea, sans-serif; font-size: 16px; line-height: 22.4px; display: block; color: #5e5e5e; font-style: normal; font-variant-ligatures: normal; font-variant-caps: normal; font-weight: 400; letter-spacing: normal; orphans: 2; text-align: start; text-indent: 0px; text-transform: none; white-space: normal; widows: 2; word-spacing: 0px; -webkit-text-stroke-width: 0px; text-decoration-style: initial; text-decoration-color: initial;\"><span style=\"font-size: 12px;\">cliquez sur un endroit et vous aurez acc\u00e8s au lien vers l\u2019article, qui lui m\u00eame r\u00e9pertorie toutes les choses \u00e0 visiter dans les environs.<\/span><\/p>\n<p style=\"margin: 0px 0px 15px; padding: 0px; border: 0px; outline: 0px; vertical-align: top; background: #ffffff; font-family: Gudea, sans-serif; font-size: 16px; line-height: 22.4px; display: block; color: #5e5e5e; font-style: normal; font-variant-ligatures: normal; font-variant-caps: normal; font-weight: 400; letter-spacing: normal; orphans: 2; text-align: start; text-indent: 0px; text-transform: none; white-space: normal; widows: 2; word-spacing: 0px; -webkit-text-stroke-width: 0px; text-decoration-style: initial; text-decoration-color: initial;\"><span style=\"font-size: 12px;\">\u2013 En rouge les villes<\/span><\/p>\n<p style=\"margin: 0px 0px 15px; padding: 0px; border: 0px; outline: 0px; vertical-align: top; background: #ffffff; font-family: Gudea, sans-serif; font-size: 16px; line-height: 22.4px; display: block; color: #5e5e5e; font-style: normal; font-variant-ligatures: normal; font-variant-caps: normal; font-weight: 400; letter-spacing: normal; orphans: 2; text-align: start; text-indent: 0px; text-transform: none; white-space: normal; widows: 2; word-spacing: 0px; -webkit-text-stroke-width: 0px; text-decoration-style: initial; text-decoration-color: initial;\"><span style=\"font-size: 12px;\">\u2013 En vert les ensembles g\u00e9ographiques (certains comt\u00e9s, des parties des Keys\u2026)<\/span><\/p>\n<p style=\"margin: 0px 0px 15px; padding: 0px; border: 0px; outline: 0px; vertical-align: top; background: #ffffff; font-family: Gudea, sans-serif; font-size: 16px; line-height: 22.4px; display: block; color: #5e5e5e; font-style: normal; font-variant-ligatures: normal; font-variant-caps: normal; font-weight: 400; letter-spacing: normal; orphans: 2; text-align: start; text-indent: 0px; text-transform: none; white-space: normal; widows: 2; word-spacing: 0px; -webkit-text-stroke-width: 0px; text-decoration-style: initial; text-decoration-color: initial;\"><span style=\"font-size: 12px;\">\u2013 En bleu les sites touristiques importants en dehors des villes.<\/span><\/p>\n<p style=\"text-align: center;\"><strong>Cliquer sur la carte pour acceder a la map<\/strong><\/p>\n<a href=\"https:\/\/www.google.com\/maps\/d\/viewer?mid=1-jqh04pa0b4h5n7P1t3wEOx97pM&amp;ll=27.527296876194864%2C-83.6266723&amp;z=7\" target=\"_blank\" rel=\"noopener noreferrer\"><img class=\"alignleft  wp-image-1259\" src=\"http:\/\/richardsmotelentertainment.com\/fr\/wp-content\/uploads\/2018\/02\/Carte-floride-tourisme-1.jpg\" alt=\"Carte-floride-tourisme-1\" width=\"610\" height=\"943\" \/><\/a>","_et_gb_content_width":"","_monsterinsights_skip_tracking":false,"_monsterinsights_sitenote_active":false,"_monsterinsights_sitenote_note":"","_monsterinsights_sitenote_category":0,"footnotes":""},"class_list":["post-316","page","type-page","status-publish","hentry"],"_links":{"self":[{"href":"https:\/\/richardsmotelentertainment.com\/fr\/wp-json\/wp\/v2\/pages\/316","targetHints":{"allow":["GET"]}}],"collection":[{"href":"https:\/\/richardsmotelentertainment.com\/fr\/wp-json\/wp\/v2\/pages"}],"about":[{"href":"https:\/\/richardsmotelentertainment.com\/fr\/wp-json\/wp\/v2\/types\/page"}],"author":[{"embeddable":true,"href":"https:\/\/richardsmotelentertainment.com\/fr\/wp-json\/wp\/v2\/users\/1"}],"replies":[{"embeddable":true,"href":"https:\/\/richardsmotelentertainment.com\/fr\/wp-json\/wp\/v2\/comments?post=316"}],"version-history":[{"count":26,"href":"https:\/\/richardsmotelentertainment.com\/fr\/wp-json\/wp\/v2\/pages\/316\/revisions"}],"predecessor-version":[{"id":9438,"href":"https:\/\/richardsmotelentertainment.com\/fr\/wp-json\/wp\/v2\/pages\/316\/revisions\/9438"}],"wp:attachment":[{"href":"https:\/\/richardsmotelentertainment.com\/fr\/wp-json\/wp\/v2\/media?parent=316"}],"curies":[{"name":"wp","href":"https:\/\/api.w.org\/{rel}","templated":true}]}}